{"id":1043,"date":"2026-03-15T18:22:05","date_gmt":"2026-03-15T18:22:05","guid":{"rendered":"https:\/\/1com.mx\/_corporativojuridico\/?page_id=1043"},"modified":"2026-03-15T18:25:58","modified_gmt":"2026-03-15T18:25:58","slug":"aviso-legal","status":"publish","type":"page","link":"https:\/\/compromisojuridico.com\/en\/aviso-legal\/","title":{"rendered":"Legal Notice"},"content":{"rendered":"<div data-elementor-type=\"wp-page\" data-elementor-id=\"1043\" class=\"elementor elementor-1043\" data-elementor-post-type=\"page\">\n\t\t\t\t<div class=\"elementor-element elementor-element-30f5f0e9 e-flex e-con-boxed e-con e-parent\" data-id=\"30f5f0e9\" data-element_type=\"container\" data-e-type=\"container\">\n\t\t\t\t\t<div class=\"e-con-inner\">\n\t\t\t\t<div class=\"elementor-element elementor-element-7fa241e elementor-widget__width-inherit elementor-widget-mobile__width-inherit animated-slow elementor-invisible elementor-widget elementor-widget-elementskit-heading\" data-id=\"7fa241e\" data-element_type=\"widget\" data-e-type=\"widget\" data-settings=\"{&quot;_animation&quot;:&quot;fadeIn&quot;}\" data-widget_type=\"elementskit-heading.default\">\n\t\t\t\t\t<div class=\"ekit-wid-con\" ><div class=\"ekit-heading elementskit-section-title-wraper text_center   ekit_heading_tablet-   ekit_heading_mobile-\"><h2 class=\"ekit-heading--title elementskit-section-title\">Aviso <span><span>Legal<\/span><\/span><\/h2><div class=\"ekit_heading_separetor_wraper ekit_heading_elementskit-border-divider ekit-dotted\"><div class=\"elementskit-border-divider ekit-dotted\"><\/div><\/div><\/div><\/div>\t\t\t\t<\/div>\n\t\t\t\t<div class=\"elementor-element elementor-element-5dd3c8f animated-slow elementor-invisible elementor-widget elementor-widget-text-editor\" data-id=\"5dd3c8f\" data-element_type=\"widget\" data-e-type=\"widget\" data-settings=\"{&quot;_animation&quot;:&quot;fadeIn&quot;}\" data-widget_type=\"text-editor.default\">\n\t\t\t\t\t\t\t\t\t<p>La informaci\u00f3n contenida en este sitio web tiene fines informativos generales y no constituye asesor\u00eda legal. El uso de este sitio web o el contacto con <strong>Compromiso Jur\u00eddico\u00ae<\/strong> a trav\u00e9s del mismo no crea una relaci\u00f3n abogado-cliente.<\/p><p>La asesor\u00eda legal \u00fanicamente puede proporcionarse despu\u00e9s de una consulta formal y la celebraci\u00f3n de un acuerdo de prestaci\u00f3n de servicios entre el cliente y el despacho.<\/p><p>Los usuarios de este sitio no deben actuar con base en la informaci\u00f3n aqu\u00ed contenida sin antes obtener asesor\u00eda legal profesional respecto a su situaci\u00f3n particular.<\/p>\t\t\t\t\t\t\t\t<\/div>\n\t\t\t\t\t<\/div>\n\t\t\t\t<\/div>\n\t\t\t\t<\/div>","protected":false},"excerpt":{"rendered":"<p>Aviso Legal La informaci\u00f3n contenida en este sitio web tiene fines informativos generales y no constituye asesor\u00eda legal. El uso [&hellip;]<\/p>\n","protected":false},"author":1,"featured_media":0,"parent":0,"menu_order":0,"comment_status":"closed","ping_status":"closed","template":"","meta":{"site-sidebar-layout":"no-sidebar","site-content-layout":"","ast-site-content-layout":"full-width-container","site-content-style":"default","site-sidebar-style":"default","ast-global-header-display":"disabled","ast-banner-title-visibility":"disabled","ast-main-header-display":"","ast-hfb-above-header-display":"","ast-hfb-below-header-display":"","ast-hfb-mobile-header-display":"","site-post-title":"","ast-breadcrumbs-content":"","ast-featured-img":"disabled","footer-sml-layout":"disabled","ast-disable-related-posts":"","theme-transparent-header-meta":"","adv-header-id-meta":"","stick-header-meta":"","header-above-stick-meta":"","header-main-stick-meta":"","header-below-stick-meta":"","astra-migrate-meta-layouts":"default","ast-page-background-enabled":"default","ast-page-background-meta":{"desktop":{"background-color":"var(--ast-global-color-5)","background-image":"","background-repeat":"repeat","background-position":"center center","background-size":"auto","background-attachment":"scroll","background-type":"","background-media":"","overlay-type":"","overlay-color":"","overlay-opacity":"","overlay-gradient":""},"tablet":{"background-color":"","background-image":"","background-repeat":"repeat","background-position":"center center","background-size":"auto","background-attachment":"scroll","background-type":"","background-media":"","overlay-type":"","overlay-color":"","overlay-opacity":"","overlay-gradient":""},"mobile":{"background-color":"","background-image":"","background-repeat":"repeat","background-position":"center center","background-size":"auto","background-attachment":"scroll","background-type":"","background-media":"","overlay-type":"","overlay-color":"","overlay-opacity":"","overlay-gradient":""}},"ast-content-background-meta":{"desktop":{"background-color":"var(--ast-global-color-4)","background-image":"","background-repeat":"repeat","background-position":"center center","background-size":"auto","background-attachment":"scroll","background-type":"","background-media":"","overlay-type":"","overlay-color":"","overlay-opacity":"","overlay-gradient":""},"tablet":{"background-color":"var(--ast-global-color-4)","background-image":"","background-repeat":"repeat","background-position":"center center","background-size":"auto","background-attachment":"scroll","background-type":"","background-media":"","overlay-type":"","overlay-color":"","overlay-opacity":"","overlay-gradient":""},"mobile":{"background-color":"var(--ast-global-color-4)","background-image":"","background-repeat":"repeat","background-position":"center center","background-size":"auto","background-attachment":"scroll","background-type":"","background-media":"","overlay-type":"","overlay-color":"","overlay-opacity":"","overlay-gradient":""}},"_joinchat":[],"footnotes":""},"class_list":["post-1043","page","type-page","status-publish","hentry"],"yoast_head":"<!-- This site is optimized with the Yoast SEO plugin v27.5 - https:\/\/yoast.com\/product\/yoast-seo-wordpress\/ -->\n<title>Aviso legal - COMPROMISO JURIDICO\u00ae | Somos Especialistas que protegen inversiones costeras de Extranjeros y Nacionales en Mexico<\/title>\n<meta name=\"robots\" content=\"index, follow, max-snippet:-1, max-image-preview:large, max-video-preview:-1\" \/>\n<link rel=\"canonical\" href=\"https:\/\/compromisojuridico.com\/en\/aviso-legal\/\" \/>\n<meta property=\"og:locale\" content=\"en_US\" \/>\n<meta property=\"og:type\" content=\"article\" \/>\n<meta property=\"og:title\" content=\"Aviso legal - COMPROMISO JURIDICO\u00ae | Somos Especialistas que protegen inversiones costeras de Extranjeros y Nacionales en Mexico\" \/>\n<meta property=\"og:description\" content=\"Aviso Legal La informaci\u00f3n contenida en este sitio web tiene fines informativos generales y no constituye asesor\u00eda legal. El uso [&hellip;]\" \/>\n<meta property=\"og:url\" content=\"https:\/\/compromisojuridico.com\/en\/aviso-legal\/\" \/>\n<meta property=\"og:site_name\" content=\"COMPROMISO JURIDICO\u00ae | Somos Especialistas que protegen inversiones costeras de Extranjeros y Nacionales en Mexico\" \/>\n<meta property=\"article:publisher\" content=\"https:\/\/www.facebook.com\/compromisojuridicoTijuana\" \/>\n<meta property=\"article:modified_time\" content=\"2026-03-15T18:25:58+00:00\" \/>\n<meta name=\"twitter:card\" content=\"summary_large_image\" \/>\n<meta name=\"twitter:label1\" content=\"Est. reading time\" \/>\n\t<meta name=\"twitter:data1\" content=\"1 minute\" \/>\n<script type=\"application\/ld+json\" class=\"yoast-schema-graph\">{\"@context\":\"https:\\\/\\\/schema.org\",\"@graph\":[{\"@type\":\"WebPage\",\"@id\":\"https:\\\/\\\/compromisojuridico.com\\\/aviso-legal\\\/\",\"url\":\"https:\\\/\\\/compromisojuridico.com\\\/aviso-legal\\\/\",\"name\":\"Aviso legal - COMPROMISO JURIDICO\u00ae | Somos Especialistas que protegen inversiones costeras de Extranjeros y Nacionales en Mexico\",\"isPartOf\":{\"@id\":\"https:\\\/\\\/compromisojuridico.com\\\/#website\"},\"datePublished\":\"2026-03-15T18:22:05+00:00\",\"dateModified\":\"2026-03-15T18:25:58+00:00\",\"breadcrumb\":{\"@id\":\"https:\\\/\\\/compromisojuridico.com\\\/aviso-legal\\\/#breadcrumb\"},\"inLanguage\":\"en-US\",\"potentialAction\":[{\"@type\":\"ReadAction\",\"target\":[\"https:\\\/\\\/compromisojuridico.com\\\/aviso-legal\\\/\"]}]},{\"@type\":\"BreadcrumbList\",\"@id\":\"https:\\\/\\\/compromisojuridico.com\\\/aviso-legal\\\/#breadcrumb\",\"itemListElement\":[{\"@type\":\"ListItem\",\"position\":1,\"name\":\"Inicio\",\"item\":\"https:\\\/\\\/compromisojuridico.com\\\/\"},{\"@type\":\"ListItem\",\"position\":2,\"name\":\"Aviso legal\"}]},{\"@type\":\"WebSite\",\"@id\":\"https:\\\/\\\/compromisojuridico.com\\\/#website\",\"url\":\"https:\\\/\\\/compromisojuridico.com\\\/\",\"name\":\"COMPROMISO JURIDICO\u00ae | Somos Especialistas que protegen inversiones costeras de Extranjeros y Nacionales en Mexico\",\"description\":\"Creamos estrategias legales de alto impacto para inversi\u00f3n y propiedad extranjera en Mexico\",\"publisher\":{\"@id\":\"https:\\\/\\\/compromisojuridico.com\\\/#organization\"},\"potentialAction\":[{\"@type\":\"SearchAction\",\"target\":{\"@type\":\"EntryPoint\",\"urlTemplate\":\"https:\\\/\\\/compromisojuridico.com\\\/?s={search_term_string}\"},\"query-input\":{\"@type\":\"PropertyValueSpecification\",\"valueRequired\":true,\"valueName\":\"search_term_string\"}}],\"inLanguage\":\"en-US\"},{\"@type\":\"Organization\",\"@id\":\"https:\\\/\\\/compromisojuridico.com\\\/#organization\",\"name\":\"COMPROMISO JURIDICO\u00ae | Somos Especialistas que protegen inversiones costeras de Extranjeros y Nacionales en Mexico\",\"url\":\"https:\\\/\\\/compromisojuridico.com\\\/\",\"logo\":{\"@type\":\"ImageObject\",\"inLanguage\":\"en-US\",\"@id\":\"https:\\\/\\\/compromisojuridico.com\\\/#\\\/schema\\\/logo\\\/image\\\/\",\"url\":\"https:\\\/\\\/compromisojuridico.com\\\/wp-content\\\/uploads\\\/2026\\\/03\\\/logo.png\",\"contentUrl\":\"https:\\\/\\\/compromisojuridico.com\\\/wp-content\\\/uploads\\\/2026\\\/03\\\/logo.png\",\"width\":450,\"height\":200,\"caption\":\"COMPROMISO JURIDICO\u00ae | Somos Especialistas que protegen inversiones costeras de Extranjeros y Nacionales en Mexico\"},\"image\":{\"@id\":\"https:\\\/\\\/compromisojuridico.com\\\/#\\\/schema\\\/logo\\\/image\\\/\"},\"sameAs\":[\"https:\\\/\\\/www.facebook.com\\\/compromisojuridicoTijuana\",\"https:\\\/\\\/www.instagram.com\\\/compromisojuridico\\\/\"]}]}<\/script>\n<!-- \/ Yoast SEO plugin. -->","yoast_head_json":{"title":"Aviso legal - COMPROMISO JURIDICO\u00ae | Somos Especialistas que protegen inversiones costeras de Extranjeros y Nacionales en Mexico","robots":{"index":"index","follow":"follow","max-snippet":"max-snippet:-1","max-image-preview":"max-image-preview:large","max-video-preview":"max-video-preview:-1"},"canonical":"https:\/\/compromisojuridico.com\/en\/aviso-legal\/","og_locale":"en_US","og_type":"article","og_title":"Aviso legal - COMPROMISO JURIDICO\u00ae | Somos Especialistas que protegen inversiones costeras de Extranjeros y Nacionales en Mexico","og_description":"Aviso Legal La informaci\u00f3n contenida en este sitio web tiene fines informativos generales y no constituye asesor\u00eda legal. El uso [&hellip;]","og_url":"https:\/\/compromisojuridico.com\/en\/aviso-legal\/","og_site_name":"COMPROMISO JURIDICO\u00ae | Somos Especialistas que protegen inversiones costeras de Extranjeros y Nacionales en Mexico","article_publisher":"https:\/\/www.facebook.com\/compromisojuridicoTijuana","article_modified_time":"2026-03-15T18:25:58+00:00","twitter_card":"summary_large_image","twitter_misc":{"Est. reading time":"1 minute"},"schema":{"@context":"https:\/\/schema.org","@graph":[{"@type":"WebPage","@id":"https:\/\/compromisojuridico.com\/aviso-legal\/","url":"https:\/\/compromisojuridico.com\/aviso-legal\/","name":"Aviso legal - COMPROMISO JURIDICO\u00ae | Somos Especialistas que protegen inversiones costeras de Extranjeros y Nacionales en Mexico","isPartOf":{"@id":"https:\/\/compromisojuridico.com\/#website"},"datePublished":"2026-03-15T18:22:05+00:00","dateModified":"2026-03-15T18:25:58+00:00","breadcrumb":{"@id":"https:\/\/compromisojuridico.com\/aviso-legal\/#breadcrumb"},"inLanguage":"en-US","potentialAction":[{"@type":"ReadAction","target":["https:\/\/compromisojuridico.com\/aviso-legal\/"]}]},{"@type":"BreadcrumbList","@id":"https:\/\/compromisojuridico.com\/aviso-legal\/#breadcrumb","itemListElement":[{"@type":"ListItem","position":1,"name":"Inicio","item":"https:\/\/compromisojuridico.com\/"},{"@type":"ListItem","position":2,"name":"Aviso legal"}]},{"@type":"WebSite","@id":"https:\/\/compromisojuridico.com\/#website","url":"https:\/\/compromisojuridico.com\/","name":"COMPROMISO JURIDICO\u00ae | Somos Especialistas que protegen inversiones costeras de Extranjeros y Nacionales en Mexico","description":"Creamos estrategias legales de alto impacto para inversi\u00f3n y propiedad extranjera en Mexico","publisher":{"@id":"https:\/\/compromisojuridico.com\/#organization"},"potentialAction":[{"@type":"SearchAction","target":{"@type":"EntryPoint","urlTemplate":"https:\/\/compromisojuridico.com\/?s={search_term_string}"},"query-input":{"@type":"PropertyValueSpecification","valueRequired":true,"valueName":"search_term_string"}}],"inLanguage":"en-US"},{"@type":"Organization","@id":"https:\/\/compromisojuridico.com\/#organization","name":"COMPROMISO JURIDICO\u00ae | Somos Especialistas que protegen inversiones costeras de Extranjeros y Nacionales en Mexico","url":"https:\/\/compromisojuridico.com\/","logo":{"@type":"ImageObject","inLanguage":"en-US","@id":"https:\/\/compromisojuridico.com\/#\/schema\/logo\/image\/","url":"https:\/\/compromisojuridico.com\/wp-content\/uploads\/2026\/03\/logo.png","contentUrl":"https:\/\/compromisojuridico.com\/wp-content\/uploads\/2026\/03\/logo.png","width":450,"height":200,"caption":"COMPROMISO JURIDICO\u00ae | Somos Especialistas que protegen inversiones costeras de Extranjeros y Nacionales en Mexico"},"image":{"@id":"https:\/\/compromisojuridico.com\/#\/schema\/logo\/image\/"},"sameAs":["https:\/\/www.facebook.com\/compromisojuridicoTijuana","https:\/\/www.instagram.com\/compromisojuridico\/"]}]}},"_links":{"self":[{"href":"https:\/\/compromisojuridico.com\/en\/wp-json\/wp\/v2\/pages\/1043","targetHints":{"allow":["GET"]}}],"collection":[{"href":"https:\/\/compromisojuridico.com\/en\/wp-json\/wp\/v2\/pages"}],"about":[{"href":"https:\/\/compromisojuridico.com\/en\/wp-json\/wp\/v2\/types\/page"}],"author":[{"embeddable":true,"href":"https:\/\/compromisojuridico.com\/en\/wp-json\/wp\/v2\/users\/1"}],"replies":[{"embeddable":true,"href":"https:\/\/compromisojuridico.com\/en\/wp-json\/wp\/v2\/comments?post=1043"}],"version-history":[{"count":7,"href":"https:\/\/compromisojuridico.com\/en\/wp-json\/wp\/v2\/pages\/1043\/revisions"}],"predecessor-version":[{"id":1051,"href":"https:\/\/compromisojuridico.com\/en\/wp-json\/wp\/v2\/pages\/1043\/revisions\/1051"}],"wp:attachment":[{"href":"https:\/\/compromisojuridico.com\/en\/wp-json\/wp\/v2\/media?parent=1043"}],"curies":[{"name":"wp","href":"https:\/\/api.w.org\/{rel}","templated":true}]}}