{"id":1048,"date":"2026-03-15T18:26:36","date_gmt":"2026-03-15T18:26:36","guid":{"rendered":"https:\/\/1com.mx\/_corporativojuridico\/?page_id=1048"},"modified":"2026-03-15T18:30:29","modified_gmt":"2026-03-15T18:30:29","slug":"politica-de-privacidad","status":"publish","type":"page","link":"https:\/\/compromisojuridico.com\/en\/politica-de-privacidad\/","title":{"rendered":"Privacy Policy"},"content":{"rendered":"<div data-elementor-type=\"wp-page\" data-elementor-id=\"1048\" class=\"elementor elementor-1048\" data-elementor-post-type=\"page\">\n\t\t\t\t<div class=\"elementor-element elementor-element-30f5f0e9 e-flex e-con-boxed e-con e-parent\" data-id=\"30f5f0e9\" data-element_type=\"container\" data-e-type=\"container\">\n\t\t\t\t\t<div class=\"e-con-inner\">\n\t\t\t\t<div class=\"elementor-element elementor-element-7fa241e elementor-widget__width-inherit elementor-widget-mobile__width-inherit animated-slow elementor-invisible elementor-widget elementor-widget-elementskit-heading\" data-id=\"7fa241e\" data-element_type=\"widget\" data-e-type=\"widget\" data-settings=\"{&quot;_animation&quot;:&quot;fadeIn&quot;}\" data-widget_type=\"elementskit-heading.default\">\n\t\t\t\t\t<div class=\"ekit-wid-con\" ><div class=\"ekit-heading elementskit-section-title-wraper text_center   ekit_heading_tablet-   ekit_heading_mobile-\"><h2 class=\"ekit-heading--title elementskit-section-title\">Pol\u00edtica de <span><span>Privacidad<\/span><\/span><\/h2><div class=\"ekit_heading_separetor_wraper ekit_heading_elementskit-border-divider ekit-dotted\"><div class=\"elementskit-border-divider ekit-dotted\"><\/div><\/div><\/div><\/div>\t\t\t\t<\/div>\n\t\t\t\t<div class=\"elementor-element elementor-element-5dd3c8f animated-slow elementor-invisible elementor-widget elementor-widget-text-editor\" data-id=\"5dd3c8f\" data-element_type=\"widget\" data-e-type=\"widget\" data-settings=\"{&quot;_animation&quot;:&quot;fadeIn&quot;}\" data-widget_type=\"text-editor.default\">\n\t\t\t\t\t\t\t\t\t<p><strong data-start=\"27\" data-end=\"52\">\u00daltima actualizaci\u00f3n:<\/strong> 2026<\/p><p data-start=\"59\" data-end=\"363\">At <strong data-start=\"62\" data-end=\"86\">Compromiso Jur\u00eddico\u00ae<\/strong>, nos comprometemos a proteger la privacidad y la confidencialidad de la informaci\u00f3n personal de nuestros usuarios y clientes. La presente Pol\u00edtica de Privacidad describe c\u00f3mo recopilamos, utilizamos y protegemos la informaci\u00f3n que usted proporciona a trav\u00e9s de este sitio web.<\/p><p data-start=\"59\" data-end=\"363\"><strong>1. Informaci\u00f3n que recopilamos<\/strong><\/p><p data-start=\"405\" data-end=\"579\">Podemos recopilar informaci\u00f3n personal cuando usted utiliza nuestro sitio web, completa formularios de contacto o solicita una consulta legal. Esta informaci\u00f3n puede incluir:<\/p><ul data-start=\"581\" data-end=\"840\"><li data-section-id=\"yihpma\" data-start=\"581\" data-end=\"600\"><p data-start=\"583\" data-end=\"600\">Name<\/p><\/li><li data-section-id=\"1huh6s0\" data-start=\"601\" data-end=\"636\"><p data-start=\"603\" data-end=\"636\">Direcci\u00f3n de correo electr\u00f3nico<\/p><\/li><li data-section-id=\"6g29lv\" data-start=\"637\" data-end=\"670\"><p data-start=\"639\" data-end=\"670\">N\u00famero de tel\u00e9fono o WhatsApp<\/p><\/li><li data-section-id=\"1jhpny\" data-start=\"671\" data-end=\"710\"><p data-start=\"673\" data-end=\"710\">Ciudad, pa\u00eds o ubicaci\u00f3n de inter\u00e9s<\/p><\/li><li data-section-id=\"66wvcw\" data-start=\"711\" data-end=\"760\"><p data-start=\"713\" data-end=\"760\">Informaci\u00f3n relacionada con su consulta legal<\/p><\/li><li data-section-id=\"3q039k\" data-start=\"761\" data-end=\"840\"><p data-start=\"763\" data-end=\"840\">Cualquier otra informaci\u00f3n que el usuario decida proporcionar voluntariamente<\/p><\/li><\/ul><p data-section-id=\"1ti2vv\" data-start=\"847\" data-end=\"874\">\u00a0<\/p><p data-section-id=\"1ti2vv\" data-start=\"847\" data-end=\"874\"><strong>2. Uso de la informaci\u00f3n<\/strong><\/p><p data-start=\"876\" data-end=\"950\">La informaci\u00f3n recopilada se utiliza \u00fanicamente para los siguientes fines:<\/p><ul data-start=\"952\" data-end=\"1267\"><li data-section-id=\"angnkx\" data-start=\"952\" data-end=\"1009\"><p data-start=\"954\" data-end=\"1009\">Responder consultas realizadas a trav\u00e9s del sitio web<\/p><\/li><li data-section-id=\"63p9xo\" data-start=\"1010\" data-end=\"1094\"><p data-start=\"1012\" data-end=\"1094\">Proporcionar informaci\u00f3n sobre los servicios legales de <strong data-start=\"1068\" data-end=\"1092\">Compromiso Jur\u00eddico\u00ae<\/strong><\/p><\/li><li data-section-id=\"4jwmzj\" data-start=\"1095\" data-end=\"1166\"><p data-start=\"1097\" data-end=\"1166\">Contactar al usuario para dar seguimiento a su solicitud o consulta<\/p><\/li><li data-section-id=\"1enz4nf\" data-start=\"1167\" data-end=\"1221\"><p data-start=\"1169\" data-end=\"1221\">Mejorar la experiencia del usuario en el sitio web<\/p><\/li><li data-section-id=\"1m004vy\" data-start=\"1222\" data-end=\"1267\"><p data-start=\"1224\" data-end=\"1267\">Cumplir con obligaciones legales aplicables<\/p><\/li><\/ul><p data-start=\"1269\" data-end=\"1381\"><strong data-start=\"1269\" data-end=\"1293\">Compromiso Jur\u00eddico\u00ae<\/strong> no vende, alquila ni comparte informaci\u00f3n personal con terceros para fines comerciales.<\/p><p data-section-id=\"1qzzmm\" data-start=\"1388\" data-end=\"1428\">\u00a0<\/p><p data-section-id=\"1qzzmm\" data-start=\"1388\" data-end=\"1428\"><strong>3. Confidencialidad de la informaci\u00f3n<\/strong><\/p><p data-start=\"1430\" data-end=\"1643\"><strong data-start=\"1430\" data-end=\"1454\">Compromiso Jur\u00eddico\u00ae<\/strong> adopta medidas razonables de seguridad administrativas, t\u00e9cnicas y organizativas para proteger la informaci\u00f3n personal contra accesos no autorizados, alteraci\u00f3n, divulgaci\u00f3n o destrucci\u00f3n.<\/p><p data-start=\"1645\" data-end=\"1734\">La informaci\u00f3n proporcionada por los usuarios ser\u00e1 tratada con estricta confidencialidad.<\/p><p data-section-id=\"a7khcw\" data-start=\"1741\" data-end=\"1769\">\u00a0<\/p><p data-section-id=\"a7khcw\" data-start=\"1741\" data-end=\"1769\"><strong>4. Formularios y contacto<\/strong><\/p><p data-start=\"1771\" data-end=\"2058\">Cuando un usuario completa un formulario en este sitio web, la informaci\u00f3n proporcionada puede ser enviada directamente al correo electr\u00f3nico del despacho o a sistemas de comunicaci\u00f3n utilizados para gestionar consultas, como servicios de mensajer\u00eda o plataformas de gesti\u00f3n de clientes.<\/p><p data-start=\"2060\" data-end=\"2162\">El env\u00edo de informaci\u00f3n a trav\u00e9s de este sitio no establece por s\u00ed mismo una relaci\u00f3n abogado-cliente.<\/p><p data-section-id=\"1uqp54j\" data-start=\"2169\" data-end=\"2210\">\u00a0<\/p><p data-section-id=\"1uqp54j\" data-start=\"2169\" data-end=\"2210\"><strong>5. Cookies y tecnolog\u00eda de seguimiento<\/strong><\/p><p data-start=\"2212\" data-end=\"2373\">Este sitio web puede utilizar cookies o tecnolog\u00edas similares para mejorar la experiencia de navegaci\u00f3n, analizar el uso del sitio y optimizar su funcionamiento.<\/p><p data-start=\"2375\" data-end=\"2464\">El usuario puede configurar su navegador para rechazar el uso de cookies si as\u00ed lo desea.<\/p><p data-section-id=\"13jsdmg\" data-start=\"2471\" data-end=\"2502\">\u00a0<\/p><p data-section-id=\"13jsdmg\" data-start=\"2471\" data-end=\"2502\"><strong>6. Enlaces a sitios externos<\/strong><\/p><p data-start=\"2504\" data-end=\"2689\">Este sitio web puede contener enlaces a sitios web de terceros. <strong data-start=\"2568\" data-end=\"2592\">Compromiso Jur\u00eddico\u00ae<\/strong> no es responsable por las pr\u00e1cticas de privacidad ni por el contenido de dichos sitios externos.<\/p><p data-section-id=\"1mo6thy\" data-start=\"2696\" data-end=\"2722\">\u00a0<\/p><p data-section-id=\"1mo6thy\" data-start=\"2696\" data-end=\"2722\"><strong>7. Derechos del usuario<\/strong><\/p><p data-start=\"2724\" data-end=\"2754\">Los usuarios tienen derecho a:<\/p><ul data-start=\"2756\" data-end=\"2982\"><li data-section-id=\"5z1h5k\" data-start=\"2756\" data-end=\"2816\"><p data-start=\"2758\" data-end=\"2816\">Solicitar acceso a la informaci\u00f3n personal proporcionada<\/p><\/li><li data-section-id=\"1svc9sh\" data-start=\"2817\" data-end=\"2873\"><p data-start=\"2819\" data-end=\"2873\">Solicitar la correcci\u00f3n o actualizaci\u00f3n de sus datos<\/p><\/li><li data-section-id=\"469j7g\" data-start=\"2874\" data-end=\"2982\"><p data-start=\"2876\" data-end=\"2982\">Solicitar la eliminaci\u00f3n de su informaci\u00f3n personal cuando sea aplicable conforme a la legislaci\u00f3n vigente<\/p><\/li><\/ul><p data-start=\"2984\" data-end=\"3133\">Para ejercer estos derechos, puede ponerse en contacto con <strong data-start=\"3043\" data-end=\"3067\">Compromiso Jur\u00eddico\u00ae<\/strong> a trav\u00e9s de los medios de contacto disponibles en este sitio web.<\/p><p data-section-id=\"1077uco\" data-start=\"3140\" data-end=\"3169\">\u00a0<\/p><p data-section-id=\"1077uco\" data-start=\"3140\" data-end=\"3169\"><strong>8. Cambios a esta pol\u00edtica<\/strong><\/p><p data-start=\"3171\" data-end=\"3341\"><strong data-start=\"3171\" data-end=\"3195\">Compromiso Jur\u00eddico\u00ae<\/strong> se reserva el derecho de actualizar o modificar esta Pol\u00edtica de Privacidad en cualquier momento. Cualquier cambio ser\u00e1 publicado en esta p\u00e1gina.<\/p><p data-section-id=\"xm3p3x\" data-start=\"3348\" data-end=\"3362\">\u00a0<\/p><p data-section-id=\"xm3p3x\" data-start=\"3348\" data-end=\"3362\"><strong>9. Contacto<\/strong><\/p><p data-start=\"3364\" data-end=\"3580\">Si tiene preguntas sobre esta Pol\u00edtica de Privacidad o sobre el tratamiento de su informaci\u00f3n personal, puede comunicarse con <strong data-start=\"3490\" data-end=\"3514\">Compromiso Jur\u00eddico\u00ae<\/strong> a trav\u00e9s de los medios de contacto disponibles en este sitio web.<\/p>\t\t\t\t\t\t\t\t<\/div>\n\t\t\t\t\t<\/div>\n\t\t\t\t<\/div>\n\t\t\t\t<\/div>","protected":false},"excerpt":{"rendered":"<p>Pol\u00edtica de Privacidad \u00daltima actualizaci\u00f3n: 2026 En Compromiso Jur\u00eddico\u00ae, nos comprometemos a proteger la privacidad y la confidencialidad de la [&hellip;]<\/p>\n","protected":false},"author":1,"featured_media":0,"parent":0,"menu_order":0,"comment_status":"closed","ping_status":"closed","template":"","meta":{"site-sidebar-layout":"no-sidebar","site-content-layout":"","ast-site-content-layout":"full-width-container","site-content-style":"default","site-sidebar-style":"default","ast-global-header-display":"disabled","ast-banner-title-visibility":"disabled","ast-main-header-display":"","ast-hfb-above-header-display":"","ast-hfb-below-header-display":"","ast-hfb-mobile-header-display":"","site-post-title":"","ast-breadcrumbs-content":"","ast-featured-img":"disabled","footer-sml-layout":"disabled","ast-disable-related-posts":"","theme-transparent-header-meta":"","adv-header-id-meta":"","stick-header-meta":"","header-above-stick-meta":"","header-main-stick-meta":"","header-below-stick-meta":"","astra-migrate-meta-layouts":"default","ast-page-background-enabled":"default","ast-page-background-meta":{"desktop":{"background-color":"var(--ast-global-color-5)","background-image":"","background-repeat":"repeat","background-position":"center center","background-size":"auto","background-attachment":"scroll","background-type":"","background-media":"","overlay-type":"","overlay-color":"","overlay-opacity":"","overlay-gradient":""},"tablet":{"background-color":"","background-image":"","background-repeat":"repeat","background-position":"center center","background-size":"auto","background-attachment":"scroll","background-type":"","background-media":"","overlay-type":"","overlay-color":"","overlay-opacity":"","overlay-gradient":""},"mobile":{"background-color":"","background-image":"","background-repeat":"repeat","background-position":"center center","background-size":"auto","background-attachment":"scroll","background-type":"","background-media":"","overlay-type":"","overlay-color":"","overlay-opacity":"","overlay-gradient":""}},"ast-content-background-meta":{"desktop":{"background-color":"var(--ast-global-color-4)","background-image":"","background-repeat":"repeat","background-position":"center center","background-size":"auto","background-attachment":"scroll","background-type":"","background-media":"","overlay-type":"","overlay-color":"","overlay-opacity":"","overlay-gradient":""},"tablet":{"background-color":"var(--ast-global-color-4)","background-image":"","background-repeat":"repeat","background-position":"center center","background-size":"auto","background-attachment":"scroll","background-type":"","background-media":"","overlay-type":"","overlay-color":"","overlay-opacity":"","overlay-gradient":""},"mobile":{"background-color":"var(--ast-global-color-4)","background-image":"","background-repeat":"repeat","background-position":"center center","background-size":"auto","background-attachment":"scroll","background-type":"","background-media":"","overlay-type":"","overlay-color":"","overlay-opacity":"","overlay-gradient":""}},"_joinchat":[],"footnotes":""},"class_list":["post-1048","page","type-page","status-publish","hentry"],"yoast_head":"<!-- This site is optimized with the Yoast SEO plugin v27.5 - https:\/\/yoast.com\/product\/yoast-seo-wordpress\/ -->\n<title>Pol\u00edtica de privacidad - COMPROMISO JURIDICO\u00ae | Somos Especialistas que protegen inversiones costeras de Extranjeros y Nacionales en Mexico<\/title>\n<meta name=\"robots\" content=\"index, follow, max-snippet:-1, max-image-preview:large, max-video-preview:-1\" \/>\n<link rel=\"canonical\" href=\"https:\/\/compromisojuridico.com\/en\/politica-de-privacidad\/\" \/>\n<meta property=\"og:locale\" content=\"en_US\" \/>\n<meta property=\"og:type\" content=\"article\" \/>\n<meta property=\"og:title\" content=\"Pol\u00edtica de privacidad - COMPROMISO JURIDICO\u00ae | Somos Especialistas que protegen inversiones costeras de Extranjeros y Nacionales en Mexico\" \/>\n<meta property=\"og:description\" content=\"Pol\u00edtica de Privacidad \u00daltima actualizaci\u00f3n: 2026 En Compromiso Jur\u00eddico\u00ae, nos comprometemos a proteger la privacidad y la confidencialidad de la [&hellip;]\" \/>\n<meta property=\"og:url\" content=\"https:\/\/compromisojuridico.com\/en\/politica-de-privacidad\/\" \/>\n<meta property=\"og:site_name\" content=\"COMPROMISO JURIDICO\u00ae | Somos Especialistas que protegen inversiones costeras de Extranjeros y Nacionales en Mexico\" \/>\n<meta property=\"article:publisher\" content=\"https:\/\/www.facebook.com\/compromisojuridicoTijuana\" \/>\n<meta property=\"article:modified_time\" content=\"2026-03-15T18:30:29+00:00\" \/>\n<meta name=\"twitter:card\" content=\"summary_large_image\" \/>\n<meta name=\"twitter:label1\" content=\"Est. reading time\" \/>\n\t<meta name=\"twitter:data1\" content=\"3 minutes\" \/>\n<script type=\"application\/ld+json\" class=\"yoast-schema-graph\">{\"@context\":\"https:\\\/\\\/schema.org\",\"@graph\":[{\"@type\":\"WebPage\",\"@id\":\"https:\\\/\\\/compromisojuridico.com\\\/politica-de-privacidad\\\/\",\"url\":\"https:\\\/\\\/compromisojuridico.com\\\/politica-de-privacidad\\\/\",\"name\":\"Pol\u00edtica de privacidad - COMPROMISO JURIDICO\u00ae | Somos Especialistas que protegen inversiones costeras de Extranjeros y Nacionales en Mexico\",\"isPartOf\":{\"@id\":\"https:\\\/\\\/compromisojuridico.com\\\/#website\"},\"datePublished\":\"2026-03-15T18:26:36+00:00\",\"dateModified\":\"2026-03-15T18:30:29+00:00\",\"breadcrumb\":{\"@id\":\"https:\\\/\\\/compromisojuridico.com\\\/politica-de-privacidad\\\/#breadcrumb\"},\"inLanguage\":\"en-US\",\"potentialAction\":[{\"@type\":\"ReadAction\",\"target\":[\"https:\\\/\\\/compromisojuridico.com\\\/politica-de-privacidad\\\/\"]}]},{\"@type\":\"BreadcrumbList\",\"@id\":\"https:\\\/\\\/compromisojuridico.com\\\/politica-de-privacidad\\\/#breadcrumb\",\"itemListElement\":[{\"@type\":\"ListItem\",\"position\":1,\"name\":\"Inicio\",\"item\":\"https:\\\/\\\/compromisojuridico.com\\\/\"},{\"@type\":\"ListItem\",\"position\":2,\"name\":\"Pol\u00edtica de privacidad\"}]},{\"@type\":\"WebSite\",\"@id\":\"https:\\\/\\\/compromisojuridico.com\\\/#website\",\"url\":\"https:\\\/\\\/compromisojuridico.com\\\/\",\"name\":\"COMPROMISO JURIDICO\u00ae | Somos Especialistas que protegen inversiones costeras de Extranjeros y Nacionales en Mexico\",\"description\":\"Creamos estrategias legales de alto impacto para inversi\u00f3n y propiedad extranjera en Mexico\",\"publisher\":{\"@id\":\"https:\\\/\\\/compromisojuridico.com\\\/#organization\"},\"potentialAction\":[{\"@type\":\"SearchAction\",\"target\":{\"@type\":\"EntryPoint\",\"urlTemplate\":\"https:\\\/\\\/compromisojuridico.com\\\/?s={search_term_string}\"},\"query-input\":{\"@type\":\"PropertyValueSpecification\",\"valueRequired\":true,\"valueName\":\"search_term_string\"}}],\"inLanguage\":\"en-US\"},{\"@type\":\"Organization\",\"@id\":\"https:\\\/\\\/compromisojuridico.com\\\/#organization\",\"name\":\"COMPROMISO JURIDICO\u00ae | Somos Especialistas que protegen inversiones costeras de Extranjeros y Nacionales en Mexico\",\"url\":\"https:\\\/\\\/compromisojuridico.com\\\/\",\"logo\":{\"@type\":\"ImageObject\",\"inLanguage\":\"en-US\",\"@id\":\"https:\\\/\\\/compromisojuridico.com\\\/#\\\/schema\\\/logo\\\/image\\\/\",\"url\":\"https:\\\/\\\/compromisojuridico.com\\\/wp-content\\\/uploads\\\/2026\\\/03\\\/logo.png\",\"contentUrl\":\"https:\\\/\\\/compromisojuridico.com\\\/wp-content\\\/uploads\\\/2026\\\/03\\\/logo.png\",\"width\":450,\"height\":200,\"caption\":\"COMPROMISO JURIDICO\u00ae | Somos Especialistas que protegen inversiones costeras de Extranjeros y Nacionales en Mexico\"},\"image\":{\"@id\":\"https:\\\/\\\/compromisojuridico.com\\\/#\\\/schema\\\/logo\\\/image\\\/\"},\"sameAs\":[\"https:\\\/\\\/www.facebook.com\\\/compromisojuridicoTijuana\",\"https:\\\/\\\/www.instagram.com\\\/compromisojuridico\\\/\"]}]}<\/script>\n<!-- \/ Yoast SEO plugin. -->","yoast_head_json":{"title":"Pol\u00edtica de privacidad - COMPROMISO JURIDICO\u00ae | Somos Especialistas que protegen inversiones costeras de Extranjeros y Nacionales en Mexico","robots":{"index":"index","follow":"follow","max-snippet":"max-snippet:-1","max-image-preview":"max-image-preview:large","max-video-preview":"max-video-preview:-1"},"canonical":"https:\/\/compromisojuridico.com\/en\/politica-de-privacidad\/","og_locale":"en_US","og_type":"article","og_title":"Pol\u00edtica de privacidad - COMPROMISO JURIDICO\u00ae | Somos Especialistas que protegen inversiones costeras de Extranjeros y Nacionales en Mexico","og_description":"Pol\u00edtica de Privacidad \u00daltima actualizaci\u00f3n: 2026 En Compromiso Jur\u00eddico\u00ae, nos comprometemos a proteger la privacidad y la confidencialidad de la [&hellip;]","og_url":"https:\/\/compromisojuridico.com\/en\/politica-de-privacidad\/","og_site_name":"COMPROMISO JURIDICO\u00ae | Somos Especialistas que protegen inversiones costeras de Extranjeros y Nacionales en Mexico","article_publisher":"https:\/\/www.facebook.com\/compromisojuridicoTijuana","article_modified_time":"2026-03-15T18:30:29+00:00","twitter_card":"summary_large_image","twitter_misc":{"Est. reading time":"3 minutes"},"schema":{"@context":"https:\/\/schema.org","@graph":[{"@type":"WebPage","@id":"https:\/\/compromisojuridico.com\/politica-de-privacidad\/","url":"https:\/\/compromisojuridico.com\/politica-de-privacidad\/","name":"Pol\u00edtica de privacidad - COMPROMISO JURIDICO\u00ae | Somos Especialistas que protegen inversiones costeras de Extranjeros y Nacionales en Mexico","isPartOf":{"@id":"https:\/\/compromisojuridico.com\/#website"},"datePublished":"2026-03-15T18:26:36+00:00","dateModified":"2026-03-15T18:30:29+00:00","breadcrumb":{"@id":"https:\/\/compromisojuridico.com\/politica-de-privacidad\/#breadcrumb"},"inLanguage":"en-US","potentialAction":[{"@type":"ReadAction","target":["https:\/\/compromisojuridico.com\/politica-de-privacidad\/"]}]},{"@type":"BreadcrumbList","@id":"https:\/\/compromisojuridico.com\/politica-de-privacidad\/#breadcrumb","itemListElement":[{"@type":"ListItem","position":1,"name":"Inicio","item":"https:\/\/compromisojuridico.com\/"},{"@type":"ListItem","position":2,"name":"Pol\u00edtica de privacidad"}]},{"@type":"WebSite","@id":"https:\/\/compromisojuridico.com\/#website","url":"https:\/\/compromisojuridico.com\/","name":"COMPROMISO JURIDICO\u00ae | Somos Especialistas que protegen inversiones costeras de Extranjeros y Nacionales en Mexico","description":"Creamos estrategias legales de alto impacto para inversi\u00f3n y propiedad extranjera en Mexico","publisher":{"@id":"https:\/\/compromisojuridico.com\/#organization"},"potentialAction":[{"@type":"SearchAction","target":{"@type":"EntryPoint","urlTemplate":"https:\/\/compromisojuridico.com\/?s={search_term_string}"},"query-input":{"@type":"PropertyValueSpecification","valueRequired":true,"valueName":"search_term_string"}}],"inLanguage":"en-US"},{"@type":"Organization","@id":"https:\/\/compromisojuridico.com\/#organization","name":"COMPROMISO JURIDICO\u00ae | Somos Especialistas que protegen inversiones costeras de Extranjeros y Nacionales en Mexico","url":"https:\/\/compromisojuridico.com\/","logo":{"@type":"ImageObject","inLanguage":"en-US","@id":"https:\/\/compromisojuridico.com\/#\/schema\/logo\/image\/","url":"https:\/\/compromisojuridico.com\/wp-content\/uploads\/2026\/03\/logo.png","contentUrl":"https:\/\/compromisojuridico.com\/wp-content\/uploads\/2026\/03\/logo.png","width":450,"height":200,"caption":"COMPROMISO JURIDICO\u00ae | Somos Especialistas que protegen inversiones costeras de Extranjeros y Nacionales en Mexico"},"image":{"@id":"https:\/\/compromisojuridico.com\/#\/schema\/logo\/image\/"},"sameAs":["https:\/\/www.facebook.com\/compromisojuridicoTijuana","https:\/\/www.instagram.com\/compromisojuridico\/"]}]}},"_links":{"self":[{"href":"https:\/\/compromisojuridico.com\/en\/wp-json\/wp\/v2\/pages\/1048","targetHints":{"allow":["GET"]}}],"collection":[{"href":"https:\/\/compromisojuridico.com\/en\/wp-json\/wp\/v2\/pages"}],"about":[{"href":"https:\/\/compromisojuridico.com\/en\/wp-json\/wp\/v2\/types\/page"}],"author":[{"embeddable":true,"href":"https:\/\/compromisojuridico.com\/en\/wp-json\/wp\/v2\/users\/1"}],"replies":[{"embeddable":true,"href":"https:\/\/compromisojuridico.com\/en\/wp-json\/wp\/v2\/comments?post=1048"}],"version-history":[{"count":7,"href":"https:\/\/compromisojuridico.com\/en\/wp-json\/wp\/v2\/pages\/1048\/revisions"}],"predecessor-version":[{"id":1058,"href":"https:\/\/compromisojuridico.com\/en\/wp-json\/wp\/v2\/pages\/1048\/revisions\/1058"}],"wp:attachment":[{"href":"https:\/\/compromisojuridico.com\/en\/wp-json\/wp\/v2\/media?parent=1048"}],"curies":[{"name":"wp","href":"https:\/\/api.w.org\/{rel}","templated":true}]}}