{"id":1353,"date":"2026-03-20T22:39:52","date_gmt":"2026-03-20T22:39:52","guid":{"rendered":"https:\/\/compromisojuridico.com\/?page_id=1353"},"modified":"2026-03-20T23:27:25","modified_gmt":"2026-03-20T23:27:25","slug":"blog","status":"publish","type":"page","link":"https:\/\/compromisojuridico.com\/en\/blog\/","title":{"rendered":"Blog"},"content":{"rendered":"<div data-elementor-type=\"wp-page\" data-elementor-id=\"1353\" class=\"elementor elementor-1353\" data-elementor-post-type=\"page\">\n\t\t\t\t<div class=\"elementor-element elementor-element-837db3c e-flex e-con-boxed e-con e-parent\" data-id=\"837db3c\" data-element_type=\"container\" data-e-type=\"container\" data-settings=\"{&quot;background_background&quot;:&quot;classic&quot;,&quot;shape_divider_bottom&quot;:&quot;mountains&quot;}\">\n\t\t\t\t\t<div class=\"e-con-inner\">\n\t\t\t\t<div class=\"elementor-shape elementor-shape-bottom\" aria-hidden=\"true\" data-negative=\"false\">\n\t\t\t<svg xmlns=\"http:\/\/www.w3.org\/2000\/svg\" viewbox=\"0 0 1000 100\" preserveaspectratio=\"none\">\n\t<path class=\"elementor-shape-fill\" opacity=\"0.33\" d=\"M473,67.3c-203.9,88.3-263.1-34-320.3,0C66,119.1,0,59.7,0,59.7V0h1000v59.7 c0,0-62.1,26.1-94.9,29.3c-32.8,3.3-62.8-12.3-75.8-22.1C806,49.6,745.3,8.7,694.9,4.7S492.4,59,473,67.3z\"\/>\n\t<path class=\"elementor-shape-fill\" opacity=\"0.66\" d=\"M734,67.3c-45.5,0-77.2-23.2-129.1-39.1c-28.6-8.7-150.3-10.1-254,39.1 s-91.7-34.4-149.2,0C115.7,118.3,0,39.8,0,39.8V0h1000v36.5c0,0-28.2-18.5-92.1-18.5C810.2,18.1,775.7,67.3,734,67.3z\"\/>\n\t<path class=\"elementor-shape-fill\" d=\"M766.1,28.9c-200-57.5-266,65.5-395.1,19.5C242,1.8,242,5.4,184.8,20.6C128,35.8,132.3,44.9,89.9,52.5C28.6,63.7,0,0,0,0 h1000c0,0-9.9,40.9-83.6,48.1S829.6,47,766.1,28.9z\"\/>\n<\/svg>\t\t<\/div>\n\t\t\t\t<div class=\"elementor-element elementor-element-663381e elementor-widget__width-initial elementor-widget elementor-widget-heading\" data-id=\"663381e\" data-element_type=\"widget\" data-e-type=\"widget\" data-widget_type=\"heading.default\">\n\t\t\t\t\t<h2 class=\"elementor-heading-title elementor-size-default\">Analysis and knowledge in coastal property matters<\/h2>\t\t\t\t<\/div>\n\t\t\t\t<div class=\"elementor-element elementor-element-8adeb52 elementor-widget__width-initial elementor-widget elementor-widget-heading\" data-id=\"8adeb52\" data-element_type=\"widget\" data-e-type=\"widget\" data-widget_type=\"heading.default\">\n\t\t\t\t\t<h2 class=\"elementor-heading-title elementor-size-default\">Articles and Legal Resources<\/h2>\t\t\t\t<\/div>\n\t\t\t\t<div class=\"elementor-element elementor-element-2e24a72 elementor-widget__width-initial elementor-widget elementor-widget-text-editor\" data-id=\"2e24a72\" data-element_type=\"widget\" data-e-type=\"widget\" data-widget_type=\"text-editor.default\">\n\t\t\t\t\t\t\t\t\t<p>Specialized content on coastal regulation, trusts, ZOFEMAT concessions and legal risks in real estate investments in Mexico.<\/p>\t\t\t\t\t\t\t\t<\/div>\n\t\t\t\t\t<\/div>\n\t\t\t\t<\/div>\n\t\t<div class=\"elementor-element elementor-element-30f5f0e9 e-flex e-con-boxed e-con e-parent\" data-id=\"30f5f0e9\" data-element_type=\"container\" data-e-type=\"container\">\n\t\t\t\t\t<div class=\"e-con-inner\">\n\t\t\t\t<div class=\"elementor-element elementor-element-7fa241e elementor-widget__width-inherit elementor-widget-mobile__width-inherit animated-slow elementor-invisible elementor-widget elementor-widget-elementskit-heading\" data-id=\"7fa241e\" data-element_type=\"widget\" data-e-type=\"widget\" data-settings=\"{&quot;_animation&quot;:&quot;fadeIn&quot;}\" data-widget_type=\"elementskit-heading.default\">\n\t\t\t\t\t<div class=\"ekit-wid-con\" ><div class=\"ekit-heading elementskit-section-title-wraper text_center   ekit_heading_tablet-   ekit_heading_mobile-\"><h2 class=\"ekit-heading--title elementskit-section-title\">Articles and <span><span>Legal Resources<\/span><\/span><\/h2><div class=\"ekit_heading_separetor_wraper ekit_heading_elementskit-border-divider ekit-dotted\"><div class=\"elementskit-border-divider ekit-dotted\"><\/div><\/div><\/div><\/div>\t\t\t\t<\/div>\n\t\t\t\t<div class=\"elementor-element elementor-element-5dd3c8f animated-slow elementor-invisible elementor-widget elementor-widget-text-editor\" data-id=\"5dd3c8f\" data-element_type=\"widget\" data-e-type=\"widget\" data-settings=\"{&quot;_animation&quot;:&quot;fadeIn&quot;}\" data-widget_type=\"text-editor.default\">\n\t\t\t\t\t\t\t\t\t<p>Explore articles designed to help you understand the legal aspects related to the Federal Maritime Terrestrial Zone (ZOFEMAT), trusts for foreigners, environmental regulations, and waterfront property in Mexico.<\/p>\t\t\t\t\t\t\t\t<\/div>\n\t\t\t\t\t<\/div>\n\t\t\t\t<\/div>\n\t\t<div class=\"elementor-element elementor-element-79897dee e-flex e-con-boxed e-con e-parent\" data-id=\"79897dee\" data-element_type=\"container\" data-e-type=\"container\" data-settings=\"{&quot;background_background&quot;:&quot;classic&quot;}\">\n\t\t\t\t\t<div class=\"e-con-inner\">\n\t\t<div class=\"elementor-element elementor-element-4631069d e-con-full e-flex elementor-invisible e-con e-child\" data-id=\"4631069d\" data-element_type=\"container\" data-e-type=\"container\" data-settings=\"{&quot;animation&quot;:&quot;fadeInLeft&quot;}\">\n\t\t\t\t<div class=\"elementor-element elementor-element-68fb414 elementor-grid-3 elementor-grid-tablet-2 elementor-grid-mobile-1 elementor-posts--thumbnail-top elementor-invisible elementor-widget elementor-widget-posts\" data-id=\"68fb414\" data-element_type=\"widget\" data-e-type=\"widget\" data-settings=\"{&quot;pagination_type&quot;:&quot;numbers&quot;,&quot;_animation&quot;:&quot;fadeInUp&quot;,&quot;classic_columns&quot;:&quot;3&quot;,&quot;classic_columns_tablet&quot;:&quot;2&quot;,&quot;classic_columns_mobile&quot;:&quot;1&quot;,&quot;classic_row_gap&quot;:{&quot;unit&quot;:&quot;px&quot;,&quot;size&quot;:35,&quot;sizes&quot;:[]},&quot;classic_row_gap_tablet&quot;:{&quot;unit&quot;:&quot;px&quot;,&quot;size&quot;:&quot;&quot;,&quot;sizes&quot;:[]},&quot;classic_row_gap_mobile&quot;:{&quot;unit&quot;:&quot;px&quot;,&quot;size&quot;:&quot;&quot;,&quot;sizes&quot;:[]}}\" data-widget_type=\"posts.classic\">\n\t\t\t\t<div class=\"elementor-widget-container\">\n\t\t\t\t\t\t\t<div class=\"elementor-posts-container elementor-posts elementor-posts--skin-classic elementor-grid\" role=\"list\">\n\t\t\t\t<article class=\"elementor-post elementor-grid-item post-1768 post type-post status-publish format-standard hentry category-sin-categoria tag-beachfront-property-mexico tag-propiedad-frente-al-mar tag-real-estate-mexico\" role=\"listitem\">\n\t\t\t\t<div class=\"elementor-post__text\">\n\t\t\t\t<h3 class=\"elementor-post__title\">\n\t\t\t<a href=\"https:\/\/compromisojuridico.com\/en\/can-americans-legally-own-beachfront-property-in-mexico-legal-guide-2026\/\" >\n\t\t\t\tCan Americans Legally Own Beachfront Property in Mexico? (Legal Guide 2026)\t\t\t<\/a>\n\t\t<\/h3>\n\t\t\t\t<div class=\"elementor-post__meta-data\">\n\t\t\t\t\t<span class=\"elementor-post-date\">\n\t\t\t3 May, 2026\t\t<\/span>\n\t\t\t\t<span class=\"elementor-post-avatar\">\n\t\t\tNo Comments\t\t<\/span>\n\t\t\t\t<\/div>\n\t\t\n\t\t<a class=\"elementor-post__read-more\" href=\"https:\/\/compromisojuridico.com\/en\/can-americans-legally-own-beachfront-property-in-mexico-legal-guide-2026\/\" aria-label=\"Read more about Can Americans Legally Own Beachfront Property in Mexico? (Legal Guide 2026)\" tabindex=\"-1\" >\n\t\t\tLeer m\u00e1s\t\t<\/a>\n\n\t\t\t\t<\/div>\n\t\t\t\t<\/article>\n\t\t\t\t<article class=\"elementor-post elementor-grid-item post-1266 post type-post status-publish format-standard has-post-thumbnail hentry category-riesgos-legales tag-compra-casa-playa-mexico tag-due-diligence-inmobiliario tag-fideicomiso-problemas tag-propiedad-frente-al-mar-mexico tag-riesgos-legales-inmobiliarios tag-zofemat-riesgos\" role=\"listitem\">\n\t\t\t\t<a class=\"elementor-post__thumbnail__link\" href=\"https:\/\/compromisojuridico.com\/en\/riesgos-legales-al-comprar-propiedad-frente-al-mar-en-mexico\/\" tabindex=\"-1\" >\n\t\t\t<div class=\"elementor-post__thumbnail\"><img fetchpriority=\"high\" decoding=\"async\" width=\"768\" height=\"768\" src=\"https:\/\/compromisojuridico.com\/wp-content\/uploads\/2026\/03\/2.jpg\" class=\"attachment-full size-full wp-image-1275\" alt=\"\" srcset=\"https:\/\/compromisojuridico.com\/wp-content\/uploads\/2026\/03\/2.jpg 768w, https:\/\/compromisojuridico.com\/wp-content\/uploads\/2026\/03\/2-300x300.jpg 300w, https:\/\/compromisojuridico.com\/wp-content\/uploads\/2026\/03\/2-150x150.jpg 150w, https:\/\/compromisojuridico.com\/wp-content\/uploads\/2026\/03\/2-12x12.jpg 12w\" sizes=\"(max-width: 768px) 100vw, 768px\" \/><\/div>\n\t\t<\/a>\n\t\t\t\t<div class=\"elementor-post__text\">\n\t\t\t\t<h3 class=\"elementor-post__title\">\n\t\t\t<a href=\"https:\/\/compromisojuridico.com\/en\/riesgos-legales-al-comprar-propiedad-frente-al-mar-en-mexico\/\" >\n\t\t\t\tRiesgos legales al comprar propiedad frente al mar en M\u00e9xico\t\t\t<\/a>\n\t\t<\/h3>\n\t\t\t\t<div class=\"elementor-post__meta-data\">\n\t\t\t\t\t<span class=\"elementor-post-date\">\n\t\t\t20 March, 2026\t\t<\/span>\n\t\t\t\t<span class=\"elementor-post-avatar\">\n\t\t\tNo Comments\t\t<\/span>\n\t\t\t\t<\/div>\n\t\t\n\t\t<a class=\"elementor-post__read-more\" href=\"https:\/\/compromisojuridico.com\/en\/riesgos-legales-al-comprar-propiedad-frente-al-mar-en-mexico\/\" aria-label=\"Read more about Riesgos legales al comprar propiedad frente al mar en M\u00e9xico\" tabindex=\"-1\" >\n\t\t\tLeer m\u00e1s\t\t<\/a>\n\n\t\t\t\t<\/div>\n\t\t\t\t<\/article>\n\t\t\t\t<article class=\"elementor-post elementor-grid-item post-1264 post type-post status-publish format-standard has-post-thumbnail hentry category-inversion-extranjera tag-extranjeros-comprar-propiedad-mexico tag-fideicomiso-mexico tag-inversion-inmobiliaria-mexico tag-propiedad-frente-al-mar tag-real-estate-mexico tag-zona-restringida\" role=\"listitem\">\n\t\t\t\t<a class=\"elementor-post__thumbnail__link\" href=\"https:\/\/compromisojuridico.com\/en\/pueden-los-extranjeros-comprar-propiedad-frente-al-mar-en-mexico\/\" tabindex=\"-1\" >\n\t\t\t<div class=\"elementor-post__thumbnail\"><img decoding=\"async\" width=\"768\" height=\"768\" src=\"https:\/\/compromisojuridico.com\/wp-content\/uploads\/2026\/03\/1.jpg\" class=\"attachment-full size-full wp-image-1274\" alt=\"\" srcset=\"https:\/\/compromisojuridico.com\/wp-content\/uploads\/2026\/03\/1.jpg 768w, https:\/\/compromisojuridico.com\/wp-content\/uploads\/2026\/03\/1-300x300.jpg 300w, https:\/\/compromisojuridico.com\/wp-content\/uploads\/2026\/03\/1-150x150.jpg 150w, https:\/\/compromisojuridico.com\/wp-content\/uploads\/2026\/03\/1-12x12.jpg 12w\" sizes=\"(max-width: 768px) 100vw, 768px\" \/><\/div>\n\t\t<\/a>\n\t\t\t\t<div class=\"elementor-post__text\">\n\t\t\t\t<h3 class=\"elementor-post__title\">\n\t\t\t<a href=\"https:\/\/compromisojuridico.com\/en\/pueden-los-extranjeros-comprar-propiedad-frente-al-mar-en-mexico\/\" >\n\t\t\t\t\u00bfPueden los extranjeros comprar propiedad frente al mar en M\u00e9xico?\t\t\t<\/a>\n\t\t<\/h3>\n\t\t\t\t<div class=\"elementor-post__meta-data\">\n\t\t\t\t\t<span class=\"elementor-post-date\">\n\t\t\t20 March, 2026\t\t<\/span>\n\t\t\t\t<span class=\"elementor-post-avatar\">\n\t\t\tNo Comments\t\t<\/span>\n\t\t\t\t<\/div>\n\t\t\n\t\t<a class=\"elementor-post__read-more\" href=\"https:\/\/compromisojuridico.com\/en\/pueden-los-extranjeros-comprar-propiedad-frente-al-mar-en-mexico\/\" aria-label=\"Read more about \u00bfPueden los extranjeros comprar propiedad frente al mar en M\u00e9xico?\" tabindex=\"-1\" >\n\t\t\tLeer m\u00e1s\t\t<\/a>\n\n\t\t\t\t<\/div>\n\t\t\t\t<\/article>\n\t\t\t\t<article class=\"elementor-post elementor-grid-item post-1262 post type-post status-publish format-standard has-post-thumbnail hentry category-zofemat tag-concesion-zofemat tag-playas-mexico tag-propiedad-frente-al-mar tag-regulacion-costera tag-zofemat tag-zona-federal-maritimo-terrestre\" role=\"listitem\">\n\t\t\t\t<a class=\"elementor-post__thumbnail__link\" href=\"https:\/\/compromisojuridico.com\/en\/que-es-la-zona-federal-maritimo-terrestre-zofemat-en-mexico\/\" tabindex=\"-1\" >\n\t\t\t<div class=\"elementor-post__thumbnail\"><img decoding=\"async\" width=\"768\" height=\"768\" src=\"https:\/\/compromisojuridico.com\/wp-content\/uploads\/2026\/03\/3.jpg\" class=\"attachment-full size-full wp-image-1276\" alt=\"\" srcset=\"https:\/\/compromisojuridico.com\/wp-content\/uploads\/2026\/03\/3.jpg 768w, https:\/\/compromisojuridico.com\/wp-content\/uploads\/2026\/03\/3-300x300.jpg 300w, https:\/\/compromisojuridico.com\/wp-content\/uploads\/2026\/03\/3-150x150.jpg 150w, https:\/\/compromisojuridico.com\/wp-content\/uploads\/2026\/03\/3-12x12.jpg 12w\" sizes=\"(max-width: 768px) 100vw, 768px\" \/><\/div>\n\t\t<\/a>\n\t\t\t\t<div class=\"elementor-post__text\">\n\t\t\t\t<h3 class=\"elementor-post__title\">\n\t\t\t<a href=\"https:\/\/compromisojuridico.com\/en\/que-es-la-zona-federal-maritimo-terrestre-zofemat-en-mexico\/\" >\n\t\t\t\t\u00bfQu\u00e9 es la Zona Federal Mar\u00edtimo Terrestre (ZOFEMAT) en M\u00e9xico?\t\t\t<\/a>\n\t\t<\/h3>\n\t\t\t\t<div class=\"elementor-post__meta-data\">\n\t\t\t\t\t<span class=\"elementor-post-date\">\n\t\t\t20 March, 2026\t\t<\/span>\n\t\t\t\t<span class=\"elementor-post-avatar\">\n\t\t\tNo Comments\t\t<\/span>\n\t\t\t\t<\/div>\n\t\t\n\t\t<a class=\"elementor-post__read-more\" href=\"https:\/\/compromisojuridico.com\/en\/que-es-la-zona-federal-maritimo-terrestre-zofemat-en-mexico\/\" aria-label=\"Read more about \u00bfQu\u00e9 es la Zona Federal Mar\u00edtimo Terrestre (ZOFEMAT) en M\u00e9xico?\" tabindex=\"-1\" >\n\t\t\tLeer m\u00e1s\t\t<\/a>\n\n\t\t\t\t<\/div>\n\t\t\t\t<\/article>\n\t\t\t\t<\/div>\n\t\t\n\t\t\t\t\t\t<\/div>\n\t\t\t\t<\/div>\n\t\t\t\t<\/div>\n\t\t\t\t\t<\/div>\n\t\t\t\t<\/div>\n\t\t\t\t<\/div>","protected":false},"excerpt":{"rendered":"<p>An\u00e1lisis y conocimiento en materia de propiedad costera Art\u00edculos y Recursos Legales Contenido especializado sobre regulaci\u00f3n costera, fideicomisos, concesiones ZOFEMAT<\/p>","protected":false},"author":1,"featured_media":0,"parent":0,"menu_order":0,"comment_status":"closed","ping_status":"closed","template":"","meta":{"site-sidebar-layout":"no-sidebar","site-content-layout":"","ast-site-content-layout":"full-width-container","site-content-style":"default","site-sidebar-style":"default","ast-global-header-display":"disabled","ast-banner-title-visibility":"disabled","ast-main-header-display":"","ast-hfb-above-header-display":"","ast-hfb-below-header-display":"","ast-hfb-mobile-header-display":"","site-post-title":"","ast-breadcrumbs-content":"","ast-featured-img":"disabled","footer-sml-layout":"disabled","ast-disable-related-posts":"","theme-transparent-header-meta":"","adv-header-id-meta":"","stick-header-meta":"","header-above-stick-meta":"","header-main-stick-meta":"","header-below-stick-meta":"","astra-migrate-meta-layouts":"default","ast-page-background-enabled":"default","ast-page-background-meta":{"desktop":{"background-color":"var(--ast-global-color-5)","background-image":"","background-repeat":"repeat","background-position":"center center","background-size":"auto","background-attachment":"scroll","background-type":"","background-media":"","overlay-type":"","overlay-color":"","overlay-opacity":"","overlay-gradient":""},"tablet":{"background-color":"","background-image":"","background-repeat":"repeat","background-position":"center center","background-size":"auto","background-attachment":"scroll","background-type":"","background-media":"","overlay-type":"","overlay-color":"","overlay-opacity":"","overlay-gradient":""},"mobile":{"background-color":"","background-image":"","background-repeat":"repeat","background-position":"center center","background-size":"auto","background-attachment":"scroll","background-type":"","background-media":"","overlay-type":"","overlay-color":"","overlay-opacity":"","overlay-gradient":""}},"ast-content-background-meta":{"desktop":{"background-color":"var(--ast-global-color-4)","background-image":"","background-repeat":"repeat","background-position":"center center","background-size":"auto","background-attachment":"scroll","background-type":"","background-media":"","overlay-type":"","overlay-color":"","overlay-opacity":"","overlay-gradient":""},"tablet":{"background-color":"var(--ast-global-color-4)","background-image":"","background-repeat":"repeat","background-position":"center center","background-size":"auto","background-attachment":"scroll","background-type":"","background-media":"","overlay-type":"","overlay-color":"","overlay-opacity":"","overlay-gradient":""},"mobile":{"background-color":"var(--ast-global-color-4)","background-image":"","background-repeat":"repeat","background-position":"center center","background-size":"auto","background-attachment":"scroll","background-type":"","background-media":"","overlay-type":"","overlay-color":"","overlay-opacity":"","overlay-gradient":""}},"_joinchat":[],"footnotes":""},"class_list":["post-1353","page","type-page","status-publish","hentry"],"yoast_head":"<!-- This site is optimized with the Yoast SEO plugin v27.5 - https:\/\/yoast.com\/product\/yoast-seo-wordpress\/ -->\n<title>Blog - COMPROMISO JURIDICO\u00ae | Somos Especialistas que protegen inversiones costeras de Extranjeros y Nacionales en Mexico<\/title>\n<meta name=\"robots\" content=\"index, follow, max-snippet:-1, max-image-preview:large, max-video-preview:-1\" \/>\n<link rel=\"canonical\" href=\"https:\/\/compromisojuridico.com\/en\/blog\/\" \/>\n<meta property=\"og:locale\" content=\"en_US\" \/>\n<meta property=\"og:type\" content=\"article\" \/>\n<meta property=\"og:title\" content=\"Blog - COMPROMISO JURIDICO\u00ae | Somos Especialistas que protegen inversiones costeras de Extranjeros y Nacionales en Mexico\" \/>\n<meta property=\"og:description\" content=\"An\u00e1lisis y conocimiento en materia de propiedad costera Art\u00edculos y Recursos Legales Contenido especializado sobre regulaci\u00f3n costera, fideicomisos, concesiones ZOFEMAT\" \/>\n<meta property=\"og:url\" content=\"https:\/\/compromisojuridico.com\/en\/blog\/\" \/>\n<meta property=\"og:site_name\" content=\"COMPROMISO JURIDICO\u00ae | Somos Especialistas que protegen inversiones costeras de Extranjeros y Nacionales en Mexico\" \/>\n<meta property=\"article:publisher\" content=\"https:\/\/www.facebook.com\/compromisojuridicoTijuana\" \/>\n<meta property=\"article:modified_time\" content=\"2026-03-20T23:27:25+00:00\" \/>\n<meta name=\"twitter:card\" content=\"summary_large_image\" \/>\n<script type=\"application\/ld+json\" class=\"yoast-schema-graph\">{\"@context\":\"https:\\\/\\\/schema.org\",\"@graph\":[{\"@type\":\"WebPage\",\"@id\":\"https:\\\/\\\/compromisojuridico.com\\\/blog\\\/\",\"url\":\"https:\\\/\\\/compromisojuridico.com\\\/blog\\\/\",\"name\":\"Blog - COMPROMISO JURIDICO\u00ae | Somos Especialistas que protegen inversiones costeras de Extranjeros y Nacionales en Mexico\",\"isPartOf\":{\"@id\":\"https:\\\/\\\/compromisojuridico.com\\\/#website\"},\"datePublished\":\"2026-03-20T22:39:52+00:00\",\"dateModified\":\"2026-03-20T23:27:25+00:00\",\"breadcrumb\":{\"@id\":\"https:\\\/\\\/compromisojuridico.com\\\/blog\\\/#breadcrumb\"},\"inLanguage\":\"en-US\",\"potentialAction\":[{\"@type\":\"ReadAction\",\"target\":[\"https:\\\/\\\/compromisojuridico.com\\\/blog\\\/\"]}]},{\"@type\":\"BreadcrumbList\",\"@id\":\"https:\\\/\\\/compromisojuridico.com\\\/blog\\\/#breadcrumb\",\"itemListElement\":[{\"@type\":\"ListItem\",\"position\":1,\"name\":\"Inicio\",\"item\":\"https:\\\/\\\/compromisojuridico.com\\\/\"},{\"@type\":\"ListItem\",\"position\":2,\"name\":\"Blog\"}]},{\"@type\":\"WebSite\",\"@id\":\"https:\\\/\\\/compromisojuridico.com\\\/#website\",\"url\":\"https:\\\/\\\/compromisojuridico.com\\\/\",\"name\":\"COMPROMISO JURIDICO\u00ae | Somos Especialistas que protegen inversiones costeras de Extranjeros y Nacionales en Mexico\",\"description\":\"Creamos estrategias legales de alto impacto para inversi\u00f3n y propiedad extranjera en Mexico\",\"publisher\":{\"@id\":\"https:\\\/\\\/compromisojuridico.com\\\/#organization\"},\"potentialAction\":[{\"@type\":\"SearchAction\",\"target\":{\"@type\":\"EntryPoint\",\"urlTemplate\":\"https:\\\/\\\/compromisojuridico.com\\\/?s={search_term_string}\"},\"query-input\":{\"@type\":\"PropertyValueSpecification\",\"valueRequired\":true,\"valueName\":\"search_term_string\"}}],\"inLanguage\":\"en-US\"},{\"@type\":\"Organization\",\"@id\":\"https:\\\/\\\/compromisojuridico.com\\\/#organization\",\"name\":\"COMPROMISO JURIDICO\u00ae | Somos Especialistas que protegen inversiones costeras de Extranjeros y Nacionales en Mexico\",\"url\":\"https:\\\/\\\/compromisojuridico.com\\\/\",\"logo\":{\"@type\":\"ImageObject\",\"inLanguage\":\"en-US\",\"@id\":\"https:\\\/\\\/compromisojuridico.com\\\/#\\\/schema\\\/logo\\\/image\\\/\",\"url\":\"https:\\\/\\\/compromisojuridico.com\\\/wp-content\\\/uploads\\\/2026\\\/03\\\/logo.png\",\"contentUrl\":\"https:\\\/\\\/compromisojuridico.com\\\/wp-content\\\/uploads\\\/2026\\\/03\\\/logo.png\",\"width\":450,\"height\":200,\"caption\":\"COMPROMISO JURIDICO\u00ae | Somos Especialistas que protegen inversiones costeras de Extranjeros y Nacionales en Mexico\"},\"image\":{\"@id\":\"https:\\\/\\\/compromisojuridico.com\\\/#\\\/schema\\\/logo\\\/image\\\/\"},\"sameAs\":[\"https:\\\/\\\/www.facebook.com\\\/compromisojuridicoTijuana\",\"https:\\\/\\\/www.instagram.com\\\/compromisojuridico\\\/\"]}]}<\/script>\n<!-- \/ Yoast SEO plugin. -->","yoast_head_json":{"title":"Blog - COMPROMISO JURIDICO\u00ae | Somos Especialistas que protegen inversiones costeras de Extranjeros y Nacionales en Mexico","robots":{"index":"index","follow":"follow","max-snippet":"max-snippet:-1","max-image-preview":"max-image-preview:large","max-video-preview":"max-video-preview:-1"},"canonical":"https:\/\/compromisojuridico.com\/en\/blog\/","og_locale":"en_US","og_type":"article","og_title":"Blog - COMPROMISO JURIDICO\u00ae | Somos Especialistas que protegen inversiones costeras de Extranjeros y Nacionales en Mexico","og_description":"An\u00e1lisis y conocimiento en materia de propiedad costera Art\u00edculos y Recursos Legales Contenido especializado sobre regulaci\u00f3n costera, fideicomisos, concesiones ZOFEMAT","og_url":"https:\/\/compromisojuridico.com\/en\/blog\/","og_site_name":"COMPROMISO JURIDICO\u00ae | Somos Especialistas que protegen inversiones costeras de Extranjeros y Nacionales en Mexico","article_publisher":"https:\/\/www.facebook.com\/compromisojuridicoTijuana","article_modified_time":"2026-03-20T23:27:25+00:00","twitter_card":"summary_large_image","schema":{"@context":"https:\/\/schema.org","@graph":[{"@type":"WebPage","@id":"https:\/\/compromisojuridico.com\/blog\/","url":"https:\/\/compromisojuridico.com\/blog\/","name":"Blog - COMPROMISO JURIDICO\u00ae | Somos Especialistas que protegen inversiones costeras de Extranjeros y Nacionales en Mexico","isPartOf":{"@id":"https:\/\/compromisojuridico.com\/#website"},"datePublished":"2026-03-20T22:39:52+00:00","dateModified":"2026-03-20T23:27:25+00:00","breadcrumb":{"@id":"https:\/\/compromisojuridico.com\/blog\/#breadcrumb"},"inLanguage":"en-US","potentialAction":[{"@type":"ReadAction","target":["https:\/\/compromisojuridico.com\/blog\/"]}]},{"@type":"BreadcrumbList","@id":"https:\/\/compromisojuridico.com\/blog\/#breadcrumb","itemListElement":[{"@type":"ListItem","position":1,"name":"Inicio","item":"https:\/\/compromisojuridico.com\/"},{"@type":"ListItem","position":2,"name":"Blog"}]},{"@type":"WebSite","@id":"https:\/\/compromisojuridico.com\/#website","url":"https:\/\/compromisojuridico.com\/","name":"COMPROMISO JURIDICO\u00ae | Somos Especialistas que protegen inversiones costeras de Extranjeros y Nacionales en Mexico","description":"Creamos estrategias legales de alto impacto para inversi\u00f3n y propiedad extranjera en Mexico","publisher":{"@id":"https:\/\/compromisojuridico.com\/#organization"},"potentialAction":[{"@type":"SearchAction","target":{"@type":"EntryPoint","urlTemplate":"https:\/\/compromisojuridico.com\/?s={search_term_string}"},"query-input":{"@type":"PropertyValueSpecification","valueRequired":true,"valueName":"search_term_string"}}],"inLanguage":"en-US"},{"@type":"Organization","@id":"https:\/\/compromisojuridico.com\/#organization","name":"COMPROMISO JURIDICO\u00ae | Somos Especialistas que protegen inversiones costeras de Extranjeros y Nacionales en Mexico","url":"https:\/\/compromisojuridico.com\/","logo":{"@type":"ImageObject","inLanguage":"en-US","@id":"https:\/\/compromisojuridico.com\/#\/schema\/logo\/image\/","url":"https:\/\/compromisojuridico.com\/wp-content\/uploads\/2026\/03\/logo.png","contentUrl":"https:\/\/compromisojuridico.com\/wp-content\/uploads\/2026\/03\/logo.png","width":450,"height":200,"caption":"COMPROMISO JURIDICO\u00ae | Somos Especialistas que protegen inversiones costeras de Extranjeros y Nacionales en Mexico"},"image":{"@id":"https:\/\/compromisojuridico.com\/#\/schema\/logo\/image\/"},"sameAs":["https:\/\/www.facebook.com\/compromisojuridicoTijuana","https:\/\/www.instagram.com\/compromisojuridico\/"]}]}},"_links":{"self":[{"href":"https:\/\/compromisojuridico.com\/en\/wp-json\/wp\/v2\/pages\/1353","targetHints":{"allow":["GET"]}}],"collection":[{"href":"https:\/\/compromisojuridico.com\/en\/wp-json\/wp\/v2\/pages"}],"about":[{"href":"https:\/\/compromisojuridico.com\/en\/wp-json\/wp\/v2\/types\/page"}],"author":[{"embeddable":true,"href":"https:\/\/compromisojuridico.com\/en\/wp-json\/wp\/v2\/users\/1"}],"replies":[{"embeddable":true,"href":"https:\/\/compromisojuridico.com\/en\/wp-json\/wp\/v2\/comments?post=1353"}],"version-history":[{"count":28,"href":"https:\/\/compromisojuridico.com\/en\/wp-json\/wp\/v2\/pages\/1353\/revisions"}],"predecessor-version":[{"id":1387,"href":"https:\/\/compromisojuridico.com\/en\/wp-json\/wp\/v2\/pages\/1353\/revisions\/1387"}],"wp:attachment":[{"href":"https:\/\/compromisojuridico.com\/en\/wp-json\/wp\/v2\/media?parent=1353"}],"curies":[{"name":"wp","href":"https:\/\/api.w.org\/{rel}","templated":true}]}}